{"id":80,"date":"2025-04-02T09:54:44","date_gmt":"2025-04-02T09:54:44","guid":{"rendered":"https:\/\/momentstudio.se\/?page_id=80"},"modified":"2026-02-28T12:16:35","modified_gmt":"2026-02-28T12:16:35","slug":"om-mig","status":"publish","type":"page","link":"https:\/\/momentstudio.se\/en\/om-mig\/","title":{"rendered":"Om mig"},"content":{"rendered":"<div data-elementor-type=\"wp-page\" data-elementor-id=\"80\" class=\"elementor elementor-80\" data-elementor-post-type=\"page\">\n\t\t\t\t<div class=\"elementor-element elementor-element-3c10faa e-flex e-con-boxed e-con e-parent\" data-id=\"3c10faa\" data-element_type=\"container\">\n\t\t\t\t\t<div class=\"e-con-inner\">\n\t\t\t\t<div class=\"elementor-element elementor-element-428f844 elementor-widget elementor-widget-heading\" data-id=\"428f844\" data-element_type=\"widget\" data-widget_type=\"heading.default\">\n\t\t\t\t\t<h2 class=\"elementor-heading-title elementor-size-default\">Who am I?<\/h2>\t\t\t\t<\/div>\n\t\t\t\t<div class=\"elementor-element elementor-element-08d972e elementor-widget elementor-widget-text-editor\" data-id=\"08d972e\" data-element_type=\"widget\" data-widget_type=\"text-editor.default\">\n\t\t\t\t\t\t\t\t\t<p>Hi! I'm Darya. I'm a photographer based in Stockholm with a love for natural light, genuine moments, and a touch of attitude.<\/p><p>I capture everything from quiet glances to loud laughter \u2014 always with the goal of creating images that feel alive and a little unexpected. Whether it\u2019s portraits, events, or lifestyle sessions, I bring a calm energy, a creative eye, and a passion for those in-between moments.<\/p><p><br data-start=\"441\" data-end=\"444\" \/>Thinking about booking a shoot? Don\u2019t hesitate to get in touch \u2014 let\u2019s capture something beautiful together!\u00a0<\/p>\t\t\t\t\t\t\t\t<\/div>\n\t\t\t\t<div class=\"elementor-element elementor-element-c3555d3 elementor-widget elementor-widget-gallery\" data-id=\"c3555d3\" data-element_type=\"widget\" data-settings=\"{&quot;gallery_layout&quot;:&quot;masonry&quot;,&quot;lazyload&quot;:&quot;yes&quot;,&quot;columns&quot;:4,&quot;columns_tablet&quot;:2,&quot;columns_mobile&quot;:1,&quot;gap&quot;:{&quot;unit&quot;:&quot;px&quot;,&quot;size&quot;:10,&quot;sizes&quot;:[]},&quot;gap_widescreen&quot;:{&quot;unit&quot;:&quot;px&quot;,&quot;size&quot;:&quot;&quot;,&quot;sizes&quot;:[]},&quot;gap_laptop&quot;:{&quot;unit&quot;:&quot;px&quot;,&quot;size&quot;:10,&quot;sizes&quot;:[]},&quot;gap_tablet_extra&quot;:{&quot;unit&quot;:&quot;px&quot;,&quot;size&quot;:10,&quot;sizes&quot;:[]},&quot;gap_tablet&quot;:{&quot;unit&quot;:&quot;px&quot;,&quot;size&quot;:10,&quot;sizes&quot;:[]},&quot;gap_mobile_extra&quot;:{&quot;unit&quot;:&quot;px&quot;,&quot;size&quot;:10,&quot;sizes&quot;:[]},&quot;gap_mobile&quot;:{&quot;unit&quot;:&quot;px&quot;,&quot;size&quot;:10,&quot;sizes&quot;:[]},&quot;link_to&quot;:&quot;file&quot;,&quot;overlay_background&quot;:&quot;yes&quot;,&quot;content_hover_animation&quot;:&quot;fade-in&quot;}\" data-widget_type=\"gallery.default\">\n\t\t\t\t\t\t\t<div class=\"elementor-gallery__container\">\n\t\t\t\t\t\t\t<a class=\"e-gallery-item elementor-gallery-item elementor-animated-content\" href=\"https:\/\/momentstudio.se\/wp-content\/uploads\/2025\/06\/10.jpg\" data-elementor-open-lightbox=\"yes\" data-elementor-lightbox-slideshow=\"c3555d3\" data-elementor-lightbox-title=\"10\" data-e-action-hash=\"#elementor-action%3Aaction%3Dlightbox%26settings%3DeyJpZCI6MjE2LCJ1cmwiOiJodHRwczpcL1wvbW9tZW50c3R1ZGlvLnNlXC93cC1jb250ZW50XC91cGxvYWRzXC8yMDI1XC8wNlwvMTAuanBnIiwic2xpZGVzaG93IjoiYzM1NTVkMyJ9\">\n\t\t\t\t\t<div class=\"e-gallery-image elementor-gallery-item__image\" data-thumbnail=\"https:\/\/momentstudio.se\/wp-content\/uploads\/2025\/06\/10.jpg\" data-width=\"1292\" data-height=\"1926\" aria-label=\"\" role=\"img\" ><\/div>\n\t\t\t\t\t\t\t\t\t\t\t<div class=\"elementor-gallery-item__overlay\"><\/div>\n\t\t\t\t\t\t\t\t\t\t\t\t\t\t<\/a>\n\t\t\t\t\t\t\t<a class=\"e-gallery-item elementor-gallery-item elementor-animated-content\" href=\"https:\/\/momentstudio.se\/wp-content\/uploads\/2025\/06\/3.jpg\" data-elementor-open-lightbox=\"yes\" data-elementor-lightbox-slideshow=\"c3555d3\" data-elementor-lightbox-title=\"3\" data-e-action-hash=\"#elementor-action%3Aaction%3Dlightbox%26settings%3DeyJpZCI6MjA4LCJ1cmwiOiJodHRwczpcL1wvbW9tZW50c3R1ZGlvLnNlXC93cC1jb250ZW50XC91cGxvYWRzXC8yMDI1XC8wNlwvMy5qcGciLCJzbGlkZXNob3ciOiJjMzU1NWQzIn0%3D\">\n\t\t\t\t\t<div class=\"e-gallery-image elementor-gallery-item__image\" data-thumbnail=\"https:\/\/momentstudio.se\/wp-content\/uploads\/2025\/06\/3.jpg\" data-width=\"2048\" data-height=\"1365\" aria-label=\"\" role=\"img\" ><\/div>\n\t\t\t\t\t\t\t\t\t\t\t<div class=\"elementor-gallery-item__overlay\"><\/div>\n\t\t\t\t\t\t\t\t\t\t\t\t\t\t<\/a>\n\t\t\t\t\t\t\t<a class=\"e-gallery-item elementor-gallery-item elementor-animated-content\" href=\"https:\/\/momentstudio.se\/wp-content\/uploads\/2025\/06\/6-scaled.jpg\" data-elementor-open-lightbox=\"yes\" data-elementor-lightbox-slideshow=\"c3555d3\" data-elementor-lightbox-title=\"6\" data-e-action-hash=\"#elementor-action%3Aaction%3Dlightbox%26settings%3DeyJpZCI6MjEzLCJ1cmwiOiJodHRwczpcL1wvbW9tZW50c3R1ZGlvLnNlXC93cC1jb250ZW50XC91cGxvYWRzXC8yMDI1XC8wNlwvNi1zY2FsZWQuanBnIiwic2xpZGVzaG93IjoiYzM1NTVkMyJ9\">\n\t\t\t\t\t<div class=\"e-gallery-image elementor-gallery-item__image\" data-thumbnail=\"https:\/\/momentstudio.se\/wp-content\/uploads\/2025\/06\/6-scaled.jpg\" data-width=\"2560\" data-height=\"2361\" aria-label=\"\" role=\"img\" ><\/div>\n\t\t\t\t\t\t\t\t\t\t\t<div class=\"elementor-gallery-item__overlay\"><\/div>\n\t\t\t\t\t\t\t\t\t\t\t\t\t\t<\/a>\n\t\t\t\t\t\t\t<a class=\"e-gallery-item elementor-gallery-item elementor-animated-content\" href=\"https:\/\/momentstudio.se\/wp-content\/uploads\/2025\/06\/7-scaled.jpg\" data-elementor-open-lightbox=\"yes\" data-elementor-lightbox-slideshow=\"c3555d3\" data-elementor-lightbox-title=\"7\" data-e-action-hash=\"#elementor-action%3Aaction%3Dlightbox%26settings%3DeyJpZCI6MjA3LCJ1cmwiOiJodHRwczpcL1wvbW9tZW50c3R1ZGlvLnNlXC93cC1jb250ZW50XC91cGxvYWRzXC8yMDI1XC8wNlwvNy1zY2FsZWQuanBnIiwic2xpZGVzaG93IjoiYzM1NTVkMyJ9\">\n\t\t\t\t\t<div class=\"e-gallery-image elementor-gallery-item__image\" data-thumbnail=\"https:\/\/momentstudio.se\/wp-content\/uploads\/2025\/06\/7-scaled.jpg\" data-width=\"2560\" data-height=\"1707\" aria-label=\"\" role=\"img\" ><\/div>\n\t\t\t\t\t\t\t\t\t\t\t<div class=\"elementor-gallery-item__overlay\"><\/div>\n\t\t\t\t\t\t\t\t\t\t\t\t\t\t<\/a>\n\t\t\t\t\t\t\t<a class=\"e-gallery-item elementor-gallery-item elementor-animated-content\" href=\"https:\/\/momentstudio.se\/wp-content\/uploads\/2025\/06\/5-scaled.jpg\" data-elementor-open-lightbox=\"yes\" data-elementor-lightbox-slideshow=\"c3555d3\" data-elementor-lightbox-title=\"5\" data-e-action-hash=\"#elementor-action%3Aaction%3Dlightbox%26settings%3DeyJpZCI6MjEyLCJ1cmwiOiJodHRwczpcL1wvbW9tZW50c3R1ZGlvLnNlXC93cC1jb250ZW50XC91cGxvYWRzXC8yMDI1XC8wNlwvNS1zY2FsZWQuanBnIiwic2xpZGVzaG93IjoiYzM1NTVkMyJ9\">\n\t\t\t\t\t<div class=\"e-gallery-image elementor-gallery-item__image\" data-thumbnail=\"https:\/\/momentstudio.se\/wp-content\/uploads\/2025\/06\/5-scaled.jpg\" data-width=\"2015\" data-height=\"2560\" aria-label=\"\" role=\"img\" ><\/div>\n\t\t\t\t\t\t\t\t\t\t\t<div class=\"elementor-gallery-item__overlay\"><\/div>\n\t\t\t\t\t\t\t\t\t\t\t\t\t\t<\/a>\n\t\t\t\t\t\t\t<a class=\"e-gallery-item elementor-gallery-item elementor-animated-content\" href=\"https:\/\/momentstudio.se\/wp-content\/uploads\/2025\/06\/1-scaled.jpg\" data-elementor-open-lightbox=\"yes\" data-elementor-lightbox-slideshow=\"c3555d3\" data-elementor-lightbox-title=\"1\" data-e-action-hash=\"#elementor-action%3Aaction%3Dlightbox%26settings%3DeyJpZCI6MjA5LCJ1cmwiOiJodHRwczpcL1wvbW9tZW50c3R1ZGlvLnNlXC93cC1jb250ZW50XC91cGxvYWRzXC8yMDI1XC8wNlwvMS1zY2FsZWQuanBnIiwic2xpZGVzaG93IjoiYzM1NTVkMyJ9\">\n\t\t\t\t\t<div class=\"e-gallery-image elementor-gallery-item__image\" data-thumbnail=\"https:\/\/momentstudio.se\/wp-content\/uploads\/2025\/06\/1-scaled.jpg\" data-width=\"1707\" data-height=\"2560\" aria-label=\"\" role=\"img\" ><\/div>\n\t\t\t\t\t\t\t\t\t\t\t<div class=\"elementor-gallery-item__overlay\"><\/div>\n\t\t\t\t\t\t\t\t\t\t\t\t\t\t<\/a>\n\t\t\t\t\t\t\t<a class=\"e-gallery-item elementor-gallery-item elementor-animated-content\" href=\"https:\/\/momentstudio.se\/wp-content\/uploads\/2025\/06\/8.jpg\" data-elementor-open-lightbox=\"yes\" data-elementor-lightbox-slideshow=\"c3555d3\" data-elementor-lightbox-title=\"8\" data-e-action-hash=\"#elementor-action%3Aaction%3Dlightbox%26settings%3DeyJpZCI6MjE0LCJ1cmwiOiJodHRwczpcL1wvbW9tZW50c3R1ZGlvLnNlXC93cC1jb250ZW50XC91cGxvYWRzXC8yMDI1XC8wNlwvOC5qcGciLCJzbGlkZXNob3ciOiJjMzU1NWQzIn0%3D\">\n\t\t\t\t\t<div class=\"e-gallery-image elementor-gallery-item__image\" data-thumbnail=\"https:\/\/momentstudio.se\/wp-content\/uploads\/2025\/06\/8.jpg\" data-width=\"2061\" data-height=\"2205\" aria-label=\"\" role=\"img\" ><\/div>\n\t\t\t\t\t\t\t\t\t\t\t<div class=\"elementor-gallery-item__overlay\"><\/div>\n\t\t\t\t\t\t\t\t\t\t\t\t\t\t<\/a>\n\t\t\t\t\t\t\t<a class=\"e-gallery-item elementor-gallery-item elementor-animated-content\" href=\"https:\/\/momentstudio.se\/wp-content\/uploads\/2025\/06\/2-scaled.jpg\" data-elementor-open-lightbox=\"yes\" data-elementor-lightbox-slideshow=\"c3555d3\" data-elementor-lightbox-title=\"2\" data-e-action-hash=\"#elementor-action%3Aaction%3Dlightbox%26settings%3DeyJpZCI6MjEwLCJ1cmwiOiJodHRwczpcL1wvbW9tZW50c3R1ZGlvLnNlXC93cC1jb250ZW50XC91cGxvYWRzXC8yMDI1XC8wNlwvMi1zY2FsZWQuanBnIiwic2xpZGVzaG93IjoiYzM1NTVkMyJ9\">\n\t\t\t\t\t<div class=\"e-gallery-image elementor-gallery-item__image\" data-thumbnail=\"https:\/\/momentstudio.se\/wp-content\/uploads\/2025\/06\/2-scaled.jpg\" data-width=\"2560\" data-height=\"1707\" aria-label=\"\" role=\"img\" ><\/div>\n\t\t\t\t\t\t\t\t\t\t\t<div class=\"elementor-gallery-item__overlay\"><\/div>\n\t\t\t\t\t\t\t\t\t\t\t\t\t\t<\/a>\n\t\t\t\t\t\t\t<a class=\"e-gallery-item elementor-gallery-item elementor-animated-content\" href=\"https:\/\/momentstudio.se\/wp-content\/uploads\/2025\/06\/9.jpg\" data-elementor-open-lightbox=\"yes\" data-elementor-lightbox-slideshow=\"c3555d3\" data-elementor-lightbox-title=\"9\" data-e-action-hash=\"#elementor-action%3Aaction%3Dlightbox%26settings%3DeyJpZCI6MjE1LCJ1cmwiOiJodHRwczpcL1wvbW9tZW50c3R1ZGlvLnNlXC93cC1jb250ZW50XC91cGxvYWRzXC8yMDI1XC8wNlwvOS5qcGciLCJzbGlkZXNob3ciOiJjMzU1NWQzIn0%3D\">\n\t\t\t\t\t<div class=\"e-gallery-image elementor-gallery-item__image\" data-thumbnail=\"https:\/\/momentstudio.se\/wp-content\/uploads\/2025\/06\/9.jpg\" data-width=\"2332\" data-height=\"1690\" aria-label=\"\" role=\"img\" ><\/div>\n\t\t\t\t\t\t\t\t\t\t\t<div class=\"elementor-gallery-item__overlay\"><\/div>\n\t\t\t\t\t\t\t\t\t\t\t\t\t\t<\/a>\n\t\t\t\t\t\t\t<a class=\"e-gallery-item elementor-gallery-item elementor-animated-content\" href=\"https:\/\/momentstudio.se\/wp-content\/uploads\/2025\/06\/4-scaled.jpg\" data-elementor-open-lightbox=\"yes\" data-elementor-lightbox-slideshow=\"c3555d3\" data-elementor-lightbox-title=\"4\" data-e-action-hash=\"#elementor-action%3Aaction%3Dlightbox%26settings%3DeyJpZCI6MjExLCJ1cmwiOiJodHRwczpcL1wvbW9tZW50c3R1ZGlvLnNlXC93cC1jb250ZW50XC91cGxvYWRzXC8yMDI1XC8wNlwvNC1zY2FsZWQuanBnIiwic2xpZGVzaG93IjoiYzM1NTVkMyJ9\">\n\t\t\t\t\t<div class=\"e-gallery-image elementor-gallery-item__image\" data-thumbnail=\"https:\/\/momentstudio.se\/wp-content\/uploads\/2025\/06\/4-scaled.jpg\" data-width=\"2560\" data-height=\"1707\" aria-label=\"\" role=\"img\" ><\/div>\n\t\t\t\t\t\t\t\t\t\t\t<div class=\"elementor-gallery-item__overlay\"><\/div>\n\t\t\t\t\t\t\t\t\t\t\t\t\t\t<\/a>\n\t\t\t\t\t<\/div>\n\t\t\t\t\t<\/div>\n\t\t\t\t\t<\/div>\n\t\t\t\t<\/div>\n\t\t\t\t<\/div>","protected":false},"excerpt":{"rendered":"<p>Vem \u00e4r jag? Hej! Jag heter Darya. Jag \u00e4r en fotograf baserad i Stockholm med en f\u00f6rk\u00e4rlek f\u00f6r naturligt ljus, \u00e4kta \u00f6gonblick och en liten dos attityd. Jag f\u00e5ngar allt fr\u00e5n tysta blickar till h\u00f6gljudda skratt, med m\u00e5let att skapa bilder som k\u00e4nns levande \u2013 och lite ov\u00e4ntade. Oavsett om det handlar om portr\u00e4tt, evenemang [&hellip;]<\/p>","protected":false},"author":1,"featured_media":0,"parent":0,"menu_order":0,"comment_status":"closed","ping_status":"closed","template":"","meta":{"footnotes":""},"class_list":["post-80","page","type-page","status-publish","hentry"],"_links":{"self":[{"href":"https:\/\/momentstudio.se\/en\/wp-json\/wp\/v2\/pages\/80","targetHints":{"allow":["GET"]}}],"collection":[{"href":"https:\/\/momentstudio.se\/en\/wp-json\/wp\/v2\/pages"}],"about":[{"href":"https:\/\/momentstudio.se\/en\/wp-json\/wp\/v2\/types\/page"}],"author":[{"embeddable":true,"href":"https:\/\/momentstudio.se\/en\/wp-json\/wp\/v2\/users\/1"}],"replies":[{"embeddable":true,"href":"https:\/\/momentstudio.se\/en\/wp-json\/wp\/v2\/comments?post=80"}],"version-history":[{"count":21,"href":"https:\/\/momentstudio.se\/en\/wp-json\/wp\/v2\/pages\/80\/revisions"}],"predecessor-version":[{"id":632,"href":"https:\/\/momentstudio.se\/en\/wp-json\/wp\/v2\/pages\/80\/revisions\/632"}],"wp:attachment":[{"href":"https:\/\/momentstudio.se\/en\/wp-json\/wp\/v2\/media?parent=80"}],"curies":[{"name":"wp","href":"https:\/\/api.w.org\/{rel}","templated":true}]}}